{"id":51769,"date":"2024-10-17T11:49:16","date_gmt":"2024-10-17T11:49:16","guid":{"rendered":"https:\/\/www.alfa.web.tr\/petoil\/?page_id=51769"},"modified":"2026-01-07T07:57:02","modified_gmt":"2026-01-07T07:57:02","slug":"basinda-petoil","status":"publish","type":"page","link":"https:\/\/www.alfa.web.tr\/petoil\/duyurular\/basinda-petoil\/","title":{"rendered":"Bas\u0131nda Petoil"},"content":{"rendered":"\t\t<div data-elementor-type=\"wp-page\" data-elementor-id=\"51769\" class=\"elementor elementor-51769\">\n\t\t\t\t<div class=\"elementor-element elementor-element-54f9756 e-flex e-con-boxed e-con e-parent\" data-id=\"54f9756\" data-element_type=\"container\">\n\t\t\t\t\t<div class=\"e-con-inner\">\n\t\t\t\t<div class=\"elementor-element elementor-element-67e1f8f elementor-widget elementor-widget-ucaddon_post_list\" data-id=\"67e1f8f\" data-element_type=\"widget\" data-widget_type=\"ucaddon_post_list.default\">\n\t\t\t\t<div class=\"elementor-widget-container\">\n\t\t\t\t\t\n<!-- start Post List -->\n\t\t<link id='font-awesome-css' href='https:\/\/www.alfa.web.tr\/petoil\/wp-content\/plugins\/unlimited-elements-for-elementor-premium\/assets_libraries\/font-awesome6\/fontawesome-all.min.css' type='text\/css' rel='stylesheet' >\n\t\t<link id='font-awesome-4-shim-css' href='https:\/\/www.alfa.web.tr\/petoil\/wp-content\/plugins\/unlimited-elements-for-elementor-premium\/assets_libraries\/font-awesome6\/fontawesome-v4-shims.min.css' type='text\/css' rel='stylesheet' >\n\n<style>\/* widget: Post List *\/\n\n\n\n#uc_post_list_elementor_67e1f8f{\n  display:grid;\n}\n\n#uc_post_list_elementor_67e1f8f .uc_post_list_image div{\n  background-size:cover;\n  background-position:center;\n}\n\n.uc_post_list .uc_post_list_box{\n\tposition: relative;\n\toverflow: hidden;\n\tdisplay: flex;\n}\n\n#uc_post_list_elementor_67e1f8f .uc_post_list_image{\n  flex-grow:0;\n  flex-shrink:0;\n  overflow: hidden;\n}\n\n#uc_post_list_elementor_67e1f8f .uc_post_list_image img{\n  width:100%;\n  height:100%;\n  display:block;\n  transition:0.3s;  \n}\n\n.uc_post_list_title a{\n\tcolor: #333333;\n    display: block;\n}\n\n.uc_post_list_date{\n\tfont-size: 12px;\n}\n\n#uc_post_list_elementor_67e1f8f .uc_post_list_content{\n  display:flex;\n  flex-direction:column;\n  flex:1;\n}\n\n#uc_post_list_elementor_67e1f8f .uc_more_btn{\n  text-align:center;\n  text-decoration:none;\n  transition:0.3s;\n  position: relative;\n  z-index: 1;\n}\n\n#uc_post_list_elementor_67e1f8f .button-on-side{\n  display:flex;\n  align-items:center;\n}\n\n#uc_post_list_elementor_67e1f8f .ue-grid-item-category{\n  display: flex;\n  align-items: center;\n}\n\n.ue-grid-item-category a{\n  display:inline-block;\n  font-size:10px;\n  text-transform:uppercase;\n  white-space: nowrap;\n}\n\n#uc_post_list_elementor_67e1f8f .ue-meta-data{  \n  display:flex;\n  flex-wrap: wrap;\n  line-height:1em;\n}\n\n#uc_post_list_elementor_67e1f8f .ue-grid-item-meta-data{\n      display:inline-flex;\n      align-items:center;\n}\n\n.ue-grid-item-meta-data{\n  font-size:12px;\n}\n\n#uc_post_list_elementor_67e1f8f .ue-grid-item-meta-data-icon{\n  line-height:1em;\n}\n\n#uc_post_list_elementor_67e1f8f .ue-grid-item-meta-data-icon svg{\n  width:1em;\n  height:1em;\n} \n\n#uc_post_list_elementor_67e1f8f .ue-debug-meta{\n  padding:10px;\n  border:1px solid red;\n  position:relative;\n  line-height:1.5em;\n  font-size:11px;\n  width:100%;\n}\n\n.uc-remote-parent .uc_post_list_box{\n\tcursor:pointer;\n}\n\n#uc_post_list_elementor_67e1f8f .ue-post-link-overlay{\n  display:block;\n  position:absolute;\n  top:0;\n  bottom:0;\n  right:0;\n  left:0;\n}\n\n  #uc_post_list_elementor_67e1f8f a{\n    text-decoration:none;\n  }\n\n\n\n<\/style>\n\n<div class=\"uc_post_list uc-items-wrapper \" id=\"uc_post_list_elementor_67e1f8f\"  >    \t\n  <div class=\"uc_post_list_box\" data-category=\"Bas\u0131n B\u00fcltenleri\">\n  \n  \t    <div class=\"uc_post_list_image\">\n      <a  title=\"Haziran 2015 &lt;a href=&quot;https:\/\/www.alfa.web.tr\/petoil\/wp-content\/uploads\/2024\/10\/2015-3-Sozcu-1.pdf&quot; target=&quot;_blank&quot; &gt;S\u00f6zc\u00fc K\u0131z\u0131l Milyarder Irak\u2019\u0131n yan\u0131s\u0131ra Teksas\u2019ta petrol arayacak&lt;\/a&gt;\">\n          \n            <img fetchpriority=\"high\" decoding=\"async\" src=\"https:\/\/www.alfa.web.tr\/petoil\/wp-content\/uploads\/2024\/10\/sefs.png\"  src=\"https:\/\/www.alfa.web.tr\/petoil\/wp-content\/uploads\/2024\/10\/sefs.png\" alt=\"sefs\" width=\"716\" height=\"548\">\n        \t\n        \n      <\/a>\n    <\/div>\n  \t\t\n  \n    <div class=\"uc_post_list_content\">\n      <div class=\"uc_post_list_content_inside\">\n        \n                       \n        <div class=\"uc_post_list_title\"><a  title=\"Haziran 2015 &lt;a href=&quot;https:\/\/www.alfa.web.tr\/petoil\/wp-content\/uploads\/2024\/10\/2015-3-Sozcu-1.pdf&quot; target=&quot;_blank&quot; &gt;S\u00f6zc\u00fc K\u0131z\u0131l Milyarder Irak\u2019\u0131n yan\u0131s\u0131ra Teksas\u2019ta petrol arayacak&lt;\/a&gt;\">Haziran 2015 <a href=\"https:\/\/www.alfa.web.tr\/petoil\/wp-content\/uploads\/2024\/10\/2015-3-Sozcu-1.pdf\" target=\"_blank\" >S\u00f6zc\u00fc K\u0131z\u0131l Milyarder Irak\u2019\u0131n yan\u0131s\u0131ra Teksas\u2019ta petrol arayacak<\/a><\/a><\/div>                 \n        <div class=\"ue-meta-data\">\n                                               \n                                    \n            \n                        \n                        \n            \n              \n          <\/div>         \n                \n         <div class=\"uc_post_content\"><\/div>           \n        \n                 \n      <\/div>\n    <\/div>\n     \n       \n  \n   <\/div>\n<div class=\"uc_post_list_box\" data-category=\"Bas\u0131n B\u00fcltenleri\">\n  \n  \t    <div class=\"uc_post_list_image\">\n      <a  title=\"Haziran 2015 &lt;a href=&quot;https:\/\/www.alfa.web.tr\/petoil\/wp-content\/uploads\/2024\/10\/2015-2-Para-dergisi-1.pdf&quot; target=&quot;_blank&quot; rel=&quot;noopener&quot;&gt;Para Dergisi Ankaral\u0131 Petoil Teksas\u2019ta petrol arayacak&lt;\/a&gt;\">\n          \n            <img decoding=\"async\" src=\"https:\/\/www.alfa.web.tr\/petoil\/wp-content\/uploads\/2024\/10\/sefsef.png\"  src=\"https:\/\/www.alfa.web.tr\/petoil\/wp-content\/uploads\/2024\/10\/sefsef.png\" alt=\"sefsef\" width=\"730\" height=\"465\">\n        \t\n        \n      <\/a>\n    <\/div>\n  \t\t\n  \n    <div class=\"uc_post_list_content\">\n      <div class=\"uc_post_list_content_inside\">\n        \n                       \n        <div class=\"uc_post_list_title\"><a  title=\"Haziran 2015 &lt;a href=&quot;https:\/\/www.alfa.web.tr\/petoil\/wp-content\/uploads\/2024\/10\/2015-2-Para-dergisi-1.pdf&quot; target=&quot;_blank&quot; rel=&quot;noopener&quot;&gt;Para Dergisi Ankaral\u0131 Petoil Teksas\u2019ta petrol arayacak&lt;\/a&gt;\">Haziran 2015 <a href=\"https:\/\/www.alfa.web.tr\/petoil\/wp-content\/uploads\/2024\/10\/2015-2-Para-dergisi-1.pdf\" target=\"_blank\" rel=\"noopener\">Para Dergisi Ankaral\u0131 Petoil Teksas\u2019ta petrol arayacak<\/a><\/a><\/div>                 \n        <div class=\"ue-meta-data\">\n                                               \n                                    \n            \n                        \n                        \n            \n              \n          <\/div>         \n                \n         <div class=\"uc_post_content\"><\/div>           \n        \n                 \n      <\/div>\n    <\/div>\n     \n       \n  \n   <\/div>\n<div class=\"uc_post_list_box\" data-category=\"Bas\u0131n B\u00fcltenleri\">\n  \n  \t    <div class=\"uc_post_list_image\">\n      <a  title=\"Temmuz 2015 &lt;a href=&quot;https:\/\/www.alfa.web.tr\/petoil\/wp-content\/uploads\/2024\/10\/2015-1-Guntekin-Koksal-1.pdf&quot; target=&quot;_blank&quot; rel=&quot;noopener&quot;&gt;H\u00fcrriyet Turkish Kovboy&lt;\/a&gt;\">\n          \n            <img decoding=\"async\" src=\"https:\/\/www.alfa.web.tr\/petoil\/wp-content\/uploads\/2024\/10\/temmuz-2015-hurriyet-turkish-k-c2a63880-4aa1-4327-94ef-98be56a13468.jpg\"  src=\"https:\/\/www.alfa.web.tr\/petoil\/wp-content\/uploads\/2024\/10\/temmuz-2015-hurriyet-turkish-k-c2a63880-4aa1-4327-94ef-98be56a13468.jpg\" alt=\"temmuz-2015-hurriyet-turkish-k-c2a63880-4aa1-4327-94ef-98be56a13468\" width=\"554\" height=\"369\">\n        \t\n        \n      <\/a>\n    <\/div>\n  \t\t\n  \n    <div class=\"uc_post_list_content\">\n      <div class=\"uc_post_list_content_inside\">\n        \n                       \n        <div class=\"uc_post_list_title\"><a  title=\"Temmuz 2015 &lt;a href=&quot;https:\/\/www.alfa.web.tr\/petoil\/wp-content\/uploads\/2024\/10\/2015-1-Guntekin-Koksal-1.pdf&quot; target=&quot;_blank&quot; rel=&quot;noopener&quot;&gt;H\u00fcrriyet Turkish Kovboy&lt;\/a&gt;\">Temmuz 2015 <a href=\"https:\/\/www.alfa.web.tr\/petoil\/wp-content\/uploads\/2024\/10\/2015-1-Guntekin-Koksal-1.pdf\" target=\"_blank\" rel=\"noopener\">H\u00fcrriyet Turkish Kovboy<\/a><\/a><\/div>                 \n        <div class=\"ue-meta-data\">\n                                               \n                                    \n            \n                        \n                        \n            \n              \n          <\/div>         \n                \n         <div class=\"uc_post_content\"><\/div>           \n        \n                 \n      <\/div>\n    <\/div>\n     \n       \n  \n   <\/div>\n<div class=\"uc_post_list_box\" data-category=\"Bas\u0131n B\u00fcltenleri\">\n  \n  \t    <div class=\"uc_post_list_image\">\n      <a  title=\"Eyl\u00fcl 2015 &lt;a href=&quot;https:\/\/www.alfa.web.tr\/petoil\/wp-content\/uploads\/2024\/10\/2015-1-Guntekin-Koksal-1.pdf&quot; target=&quot;_blank&quot; rel=&quot;noopener&quot;&gt;Bug\u00fcn Petrol f\u0131rsat\u0131n\u0131 ka\u00e7\u0131rd\u0131k&lt;\/a&gt;\">\n          \n            <img loading=\"lazy\" decoding=\"async\" src=\"https:\/\/www.alfa.web.tr\/petoil\/wp-content\/uploads\/2024\/10\/eylul-2015-bugun-petrol-firsat-b3072dab-8a77-400c-9770-898c43e160b2.jpg\"  src=\"https:\/\/www.alfa.web.tr\/petoil\/wp-content\/uploads\/2024\/10\/eylul-2015-bugun-petrol-firsat-b3072dab-8a77-400c-9770-898c43e160b2.jpg\" alt=\"eylul-2015-bugun-petrol-firsat-b3072dab-8a77-400c-9770-898c43e160b2\" width=\"554\" height=\"369\">\n        \t\n        \n      <\/a>\n    <\/div>\n  \t\t\n  \n    <div class=\"uc_post_list_content\">\n      <div class=\"uc_post_list_content_inside\">\n        \n                       \n        <div class=\"uc_post_list_title\"><a  title=\"Eyl\u00fcl 2015 &lt;a href=&quot;https:\/\/www.alfa.web.tr\/petoil\/wp-content\/uploads\/2024\/10\/2015-1-Guntekin-Koksal-1.pdf&quot; target=&quot;_blank&quot; rel=&quot;noopener&quot;&gt;Bug\u00fcn Petrol f\u0131rsat\u0131n\u0131 ka\u00e7\u0131rd\u0131k&lt;\/a&gt;\">Eyl\u00fcl 2015 <a href=\"https:\/\/www.alfa.web.tr\/petoil\/wp-content\/uploads\/2024\/10\/2015-1-Guntekin-Koksal-1.pdf\" target=\"_blank\" rel=\"noopener\">Bug\u00fcn Petrol f\u0131rsat\u0131n\u0131 ka\u00e7\u0131rd\u0131k<\/a><\/a><\/div>                 \n        <div class=\"ue-meta-data\">\n                                               \n                                    \n            \n                        \n                        \n            \n              \n          <\/div>         \n                \n         <div class=\"uc_post_content\"><\/div>           \n        \n                 \n      <\/div>\n    <\/div>\n     \n       \n  \n   <\/div>\n\n<\/div>\n\n\n  <div id=\"uc_post_list_elementor_67e1f8f_empty_message\" class=\"ue-no-posts-found\"  style=\"display:none\" >No posts found<\/div>\n\n\n<!-- end Post List -->\t\t\t\t<\/div>\n\t\t\t\t<\/div>\n\t\t\t\t\t<\/div>\n\t\t\t\t<\/div>\n\t\t\t\t<\/div>\n\t\t","protected":false},"excerpt":{"rendered":"<p>Haziran 2015 S\u00f6zc\u00fc K\u0131z\u0131l Milyarder Irak\u2019\u0131n yan\u0131s\u0131ra Teksas\u2019ta petrol arayacak Haziran 2015 Para Dergisi Ankaral\u0131 Petoil Teksas\u2019ta petrol arayacak Temmuz&#8230;<\/p>\n","protected":false},"author":1,"featured_media":0,"parent":51765,"menu_order":0,"comment_status":"closed","ping_status":"closed","template":"","meta":{"footnotes":""},"class_list":["post-51769","page","type-page","status-publish","hentry"],"_links":{"self":[{"href":"https:\/\/www.alfa.web.tr\/petoil\/wp-json\/wp\/v2\/pages\/51769","targetHints":{"allow":["GET"]}}],"collection":[{"href":"https:\/\/www.alfa.web.tr\/petoil\/wp-json\/wp\/v2\/pages"}],"about":[{"href":"https:\/\/www.alfa.web.tr\/petoil\/wp-json\/wp\/v2\/types\/page"}],"author":[{"embeddable":true,"href":"https:\/\/www.alfa.web.tr\/petoil\/wp-json\/wp\/v2\/users\/1"}],"replies":[{"embeddable":true,"href":"https:\/\/www.alfa.web.tr\/petoil\/wp-json\/wp\/v2\/comments?post=51769"}],"version-history":[{"count":19,"href":"https:\/\/www.alfa.web.tr\/petoil\/wp-json\/wp\/v2\/pages\/51769\/revisions"}],"predecessor-version":[{"id":52443,"href":"https:\/\/www.alfa.web.tr\/petoil\/wp-json\/wp\/v2\/pages\/51769\/revisions\/52443"}],"up":[{"embeddable":true,"href":"https:\/\/www.alfa.web.tr\/petoil\/wp-json\/wp\/v2\/pages\/51765"}],"wp:attachment":[{"href":"https:\/\/www.alfa.web.tr\/petoil\/wp-json\/wp\/v2\/media?parent=51769"}],"curies":[{"name":"wp","href":"https:\/\/api.w.org\/{rel}","templated":true}]}}