{"id":51759,"date":"2024-10-17T11:48:24","date_gmt":"2024-10-17T11:48:24","guid":{"rendered":"https:\/\/www.alfa.web.tr\/petoil\/?page_id=51759"},"modified":"2026-01-21T07:55:06","modified_gmt":"2026-01-21T07:55:06","slug":"kurumsal-sosyal-sorumluluk","status":"publish","type":"page","link":"https:\/\/www.alfa.web.tr\/petoil\/kurumsal\/kurumsal-sosyal-sorumluluk\/","title":{"rendered":"Sosyal Sorumluluk"},"content":{"rendered":"\t\t<div data-elementor-type=\"wp-page\" data-elementor-id=\"51759\" class=\"elementor elementor-51759\">\n\t\t\t\t<div class=\"elementor-element elementor-element-c7da8d9 e-flex e-con-boxed e-con e-parent\" data-id=\"c7da8d9\" data-element_type=\"container\">\n\t\t\t\t\t<div class=\"e-con-inner\">\n\t\t\t\t<div class=\"elementor-element elementor-element-0308b5d elementor-widget elementor-widget-text-editor\" data-id=\"0308b5d\" data-element_type=\"widget\" data-widget_type=\"text-editor.default\">\n\t\t\t\t<div class=\"elementor-widget-container\">\n\t\t\t\t\t\t\t\t\t<p>Petoil \u00f6nc\u00fc k\u00fclt\u00fcr\u00fcne uygun olarak, yarat\u0131c\u0131, yenilik\u00e7i ve i\u015fbirlik\u00e7i bir \u00e7evrenin sa\u011flanmas\u0131n\u0131 \u00f6n planda tutmaktad\u0131r. Daha iyi bir \u00e7al\u0131\u015fma ortam\u0131 konusundaki g\u00f6r\u00fc\u015flerimiz, kendi i\u015f \u00e7evremizin d\u0131\u015f\u0131na da ta\u015farak, faaliyet g\u00f6sterdi\u011fimiz b\u00f6lgelerde daha iyi ya\u015fam ko\u015fullar\u0131 yaratmaya gayret etmek konusunda bizi te\u015fvik etmektedir.<\/p><p>Pet Holding \u015eirketler Grubu\u2019nun bir par\u00e7as\u0131 olarak, sosyal sorumluluklar\u0131m\u0131z\u0131n daima bilincindeyiz ve \u00f6zellikle e\u011fitim, sa\u011fl\u0131k, k\u00fclt\u00fcr, sanat ve \u00e7evre konular\u0131nda, \u00e7al\u0131\u015ft\u0131\u011f\u0131m\u0131z b\u00f6lgelere katk\u0131da bulunmaktay\u0131z.<\/p><p>Kurumsal Sosyal Sorumluluk \u00e7er\u00e7evesinde yapt\u0131\u011f\u0131m\u0131z faaliyetlerden baz\u0131lar\u0131;<\/p>\t\t\t\t\t\t\t\t<\/div>\n\t\t\t\t<\/div>\n\t\t\t\t\t<\/div>\n\t\t\t\t<\/div>\n\t\t<div class=\"elementor-element elementor-element-c32c4e7 e-flex e-con-boxed e-con e-parent\" data-id=\"c32c4e7\" data-element_type=\"container\">\n\t\t\t\t\t<div class=\"e-con-inner\">\n\t\t\t\t<div class=\"elementor-element elementor-element-3cfb526 elementor-widget elementor-widget-text-editor\" data-id=\"3cfb526\" data-element_type=\"widget\" data-widget_type=\"text-editor.default\">\n\t\t\t\t<div class=\"elementor-widget-container\">\n\t\t\t\t\t\t\t\t\t<div id=\"uc_uc_icon_accordion_elementor_1a431f2_item1\" class=\"uc_ac_box elementor-repeater-item-d13dd0f\"><ul><li>2023- S\u00fcleymaniye\u2019de 134 aileye g\u0131da yard\u0131m\u0131 yap\u0131ld\u0131; bir k\u00f6y hem\u015firesinin maa\u015f\u0131 \u00f6dendi; susuz bir k\u00f6ye ta\u015f\u0131ma su g\u00f6t\u00fcrmeye devam edildi; ta\u015f\u0131mal\u0131 e\u011fitimde kullan\u0131lacak bir servis otob\u00fcs\u00fcn\u00fcn ayl\u0131k \u00fccretleri \u00f6denmeye devam edildi.<\/li><li>2022- S\u00fcleymaniye\u2019de 107 aileye g\u0131da yard\u0131m\u0131 yap\u0131ld\u0131; suyollar\u0131 temizlendi; yeni su yollar\u0131 a\u00e7\u0131ld\u0131; ta\u015f\u0131mal\u0131 e\u011fitimde kullan\u0131lacak bir servis otob\u00fcs\u00fcn\u00fcn ayl\u0131k \u00fccretleri \u00f6dendi; a\u011fa\u00e7 dikimi devam etti; susuz bir k\u00f6ye ta\u015f\u0131ma su g\u00f6t\u00fcr\u00fcld\u00fc. Su projesinin i\u015fletme maliyetleri fonland\u0131.<\/li><li>2021- S\u00fcleymaniye\u2019de 109 aileye g\u0131da yard\u0131m\u0131, 60 \u00f6\u011frenciye okul giysisi yard\u0131m\u0131 yap\u0131ld\u0131; a\u011fa\u00e7 dikimi ve bak\u0131m\u0131 aral\u0131ks\u0131z devam etti. 2017\u2019de finanse edilmeye ba\u015flanan proje tamamlanarak, ilk faz\u0131nda 5 k\u00f6ye su temini ba\u015flat\u0131ld\u0131.<\/li><li>2020- Dikilen binlerce a\u011fac\u0131n bak\u0131m\u0131 yap\u0131ld\u0131.<\/li><li>2019- A\u011fa\u00e7 dikimi ve ve bak\u0131m\u0131na devam edildi; yerel halka meslek e\u011fitimlerine devam edildi.<\/li><li>2018- S\u00fcleymaniye\u2019de yetimlere okul yard\u0131m\u0131, 110 aileye Ramazan yard\u0131m\u0131 yap\u0131ld\u0131; a\u011fa\u00e7 dikimi ve bak\u0131m\u0131na devam edildi; yerel halka meslek e\u011fitimleri verildi<\/li><li>2017- S\u00fcleymaniye\u2019de geni\u015f bir b\u00f6lgeye boru hatt\u0131 ile su g\u00f6t\u00fcrecek olan bir proje finanse edilmeye ba\u015fland\u0131; binlerce a\u011fa\u00e7 dikildi ve \u00f6nceki y\u0131llarda dikilen a\u011fa\u00e7larla beraber hepsinin bak\u0131m\u0131 yap\u0131ld\u0131; 150 aileye g\u0131da yard\u0131m\u0131 yap\u0131ld\u0131; yerel bir okula malzeme temin edildi; bir spor merkezine finansman sa\u011fland\u0131.<\/li><li>2016 \u2013 S\u00fcleymaniye\u2019de 2 k\u00f6ye elektrik g\u00f6t\u00fcr\u00fcld\u00fc; y\u00fczlerce a\u011fa\u00e7 dikildi.<\/li><li>2011 &#8211; Zeynep Tanbay&#8217;\u0131n &#8216;Modern Dans G\u00f6sterisi&#8217;ne sponsor olundu.<\/li><li>2010 &#8211; P\u0131nar K\u00f6ksal&#8217;\u0131n &#8216;A\u015fk Senfonisi&#8217; konserine sponsor olundu.<\/li><li>2007 &#8211; 500 ki\u015finin hayat\u0131n\u0131 kaybetti\u011fi bir ter\u00f6r sald\u0131r\u0131s\u0131nda ma\u011fdur olanlara, para yard\u0131m\u0131 yap\u0131ld\u0131.<\/li><li>2007 &#8211; Erbil \u00e7evresindeki bir okula k\u0131rtasiye, giyim ve yakacak yard\u0131m\u0131 yap\u0131ld\u0131.<\/li><li>2006 &#8211; Erbil yak\u0131nlar\u0131ndaki bir okulun \u00f6\u011frencilerine k\u0131yafet yard\u0131m\u0131 yap\u0131ld\u0131.<\/li><li>2006 &#8211; Erbil k\u0131rsal\u0131ndaki bir ilkokul yenilendi.<\/li><li>2006 &#8211; Erbil k\u0131rsal\u0131ndaki 4 ilkokula kirtasiye ve e\u011fitim malzemesi yard\u0131m\u0131 yap\u0131ld\u0131.<\/li><li>2005 &#8211; E\u011fitim Bakanl\u0131\u011f\u0131 arac\u0131l\u0131\u011f\u0131yla, S\u00fcleymaniye&#8217;de 100 ilkokul \u00f6\u011frencisine k\u0131yafet yard\u0131m\u0131 yap\u0131ld\u0131.<\/li><li>2004 &#8211; Kemal Salim Spor Kulub\u00fc Futbol, Basketbol, Voleybol ve Masa Tenisi tak\u0131mlar\u0131na k\u0131yafet yard\u0131m\u0131 yap\u0131ld\u0131.<\/li><li>2003 &#8211; Cemi Rezan Devlet Hastanesi&#8217;nde bir oda tefri\u015f edildi.<\/li><li>2003 &#8211; E\u011fitim Bakanl\u0131\u011f\u0131 arac\u0131l\u0131\u011f\u0131yla, S\u00fcleymaniye&#8217;de 100 ilkokul \u00f6\u011frencisine k\u0131yafet yard\u0131m\u0131 yap\u0131ld\u0131.<\/li><\/ul><div class=\"uc-heading uc_trigger\"><ul><\/ul><\/div><\/div>\t\t\t\t\t\t\t\t<\/div>\n\t\t\t\t<\/div>\n\t\t\t\t\t<\/div>\n\t\t\t\t<\/div>\n\t\t<div class=\"elementor-element elementor-element-9310e99 elementor-hidden-desktop elementor-hidden-tablet elementor-hidden-mobile e-flex e-con-boxed e-con e-parent\" data-id=\"9310e99\" data-element_type=\"container\">\n\t\t\t\t\t<div class=\"e-con-inner\">\n\t\t\t\t<div class=\"elementor-element elementor-element-1a431f2 elementor-widget elementor-widget-ucaddon_uc_icon_accordion\" data-id=\"1a431f2\" data-element_type=\"widget\" data-widget_type=\"ucaddon_uc_icon_accordion.default\">\n\t\t\t\t<div class=\"elementor-widget-container\">\n\t\t\t\t\t\n<!-- start Icon Accordion -->\n\t\t<link id='font-awesome-css' href='https:\/\/www.alfa.web.tr\/petoil\/wp-content\/plugins\/unlimited-elements-for-elementor-premium\/assets_libraries\/font-awesome6\/fontawesome-all.min.css' type='text\/css' rel='stylesheet' >\n\t\t<link id='font-awesome-4-shim-css' href='https:\/\/www.alfa.web.tr\/petoil\/wp-content\/plugins\/unlimited-elements-for-elementor-premium\/assets_libraries\/font-awesome6\/fontawesome-v4-shims.min.css' type='text\/css' rel='stylesheet' >\n\n<style>\/* widget: Icon Accordion *\/\n\n#uc_uc_icon_accordion_elementor_1a431f2 *{\n\tbox-sizing: border-box;\n}\n#uc_uc_icon_accordion_elementor_1a431f2 .uc_container .uc-heading\n{\n\tcursor:pointer;\n    display:flex;\n    align-items:center;\n    transition:0.3s;\n}\n#uc_uc_icon_accordion_elementor_1a431f2 .uc_container .uc-heading span.bbb\n{\n\tdisplay:block;\n\t\n}\n#uc_uc_icon_accordion_elementor_1a431f2 .uc_ac_box.uc-item-active span.uc_dactive\n{\n\tdisplay:none;\n}\n#uc_uc_icon_accordion_elementor_1a431f2 .uc_ac_box:not(.uc-item-active) span.uc_active\n{\n\tdisplay:none;\n}\n\n#uc_uc_icon_accordion_elementor_1a431f2 .ue_icon_holder,\n#uc_uc_icon_accordion_elementor_1a431f2 .ue_icon_spacing\n{\n  flex-grow:0;\n  flex-shrink:0; \n}\n#uc_uc_icon_accordion_elementor_1a431f2 .uc_content{\n\tdisplay: none;\n}\n#uc_uc_icon_accordion_elementor_1a431f2 .ue_icon\n{\n  display:flex;\n  justify-content:center;\n  align-items:center;\n  line-height:1em;\n  transition:0.3s;\n}\n\n#uc_uc_icon_accordion_elementor_1a431f2 .ue_icon svg\n{\n  height:1em;\n  width:1em;\n}\n\n#uc_uc_icon_accordion_elementor_1a431f2 .ue_expand_inside\n{\n  display:flex;\n  justify-content:center;\n  align-items:center;\n  line-height:1em;\n}\n\n#uc_uc_icon_accordion_elementor_1a431f2 .ue_expand_inside svg\n{\n  height:1em;\n  width:1em;\n}\n\n#uc_uc_icon_accordion_elementor_1a431f2 .ue_expand,\n#uc_uc_icon_accordion_elementor_1a431f2 .ue_expand_spacing\n{\n  flex-grow:0;\n  flex-shrink:0;\n}\n\n#uc_uc_icon_accordion_elementor_1a431f2 .ue_title\n{\n  flex-grow:1;\n}\n\n#uc_uc_icon_accordion_elementor_1a431f2 .uc_ac_box:last-child\n{\n  margin-bottom:0px;\n}\n\n#uc_uc_icon_accordion_elementor_1a431f2 .uc_ac_box\n{\n  overflow:hidden;\n}\n#uc_uc_icon_accordion_elementor_1a431f2_item1 .ue_icon\n{\n  background-color:;\n}\n\n#uc_uc_icon_accordion_elementor_1a431f2_item1 .uc-heading\n{\n  background-color:;\n}\n#uc_uc_icon_accordion_elementor_1a431f2_item2 .ue_icon\n{\n  background-color:;\n}\n\n#uc_uc_icon_accordion_elementor_1a431f2_item2 .uc-heading\n{\n  background-color:;\n}\n#uc_uc_icon_accordion_elementor_1a431f2_item3 .ue_icon\n{\n  background-color:;\n}\n\n#uc_uc_icon_accordion_elementor_1a431f2_item3 .uc-heading\n{\n  background-color:;\n}\n#uc_uc_icon_accordion_elementor_1a431f2_item4 .ue_icon\n{\n  background-color:;\n}\n\n#uc_uc_icon_accordion_elementor_1a431f2_item4 .uc-heading\n{\n  background-color:;\n}\n#uc_uc_icon_accordion_elementor_1a431f2_item5 .ue_icon\n{\n  background-color:;\n}\n\n#uc_uc_icon_accordion_elementor_1a431f2_item5 .uc-heading\n{\n  background-color:;\n}\n#uc_uc_icon_accordion_elementor_1a431f2_item6 .ue_icon\n{\n  background-color:;\n}\n\n#uc_uc_icon_accordion_elementor_1a431f2_item6 .uc-heading\n{\n  background-color:;\n}\n#uc_uc_icon_accordion_elementor_1a431f2_item7 .ue_icon\n{\n  background-color:;\n}\n\n#uc_uc_icon_accordion_elementor_1a431f2_item7 .uc-heading\n{\n  background-color:;\n}\n#uc_uc_icon_accordion_elementor_1a431f2_item8 .ue_icon\n{\n  background-color:;\n}\n\n#uc_uc_icon_accordion_elementor_1a431f2_item8 .uc-heading\n{\n  background-color:;\n}\n#uc_uc_icon_accordion_elementor_1a431f2_item9 .ue_icon\n{\n  background-color:;\n}\n\n#uc_uc_icon_accordion_elementor_1a431f2_item9 .uc-heading\n{\n  background-color:;\n}\n#uc_uc_icon_accordion_elementor_1a431f2_item10 .ue_icon\n{\n  background-color:;\n}\n\n#uc_uc_icon_accordion_elementor_1a431f2_item10 .uc-heading\n{\n  background-color:;\n}\n#uc_uc_icon_accordion_elementor_1a431f2_item11 .ue_icon\n{\n  background-color:;\n}\n\n#uc_uc_icon_accordion_elementor_1a431f2_item11 .uc-heading\n{\n  background-color:;\n}\n\n\n<\/style>\n\n<div class=\"uc_material_accordion \" id=\"uc_uc_icon_accordion_elementor_1a431f2\" data-name=\"\" data-closeothers=\"true\" >\n    \t<div class=\"uc_container\">\n            \n\n<div id=\"uc_uc_icon_accordion_elementor_1a431f2_item1\" class=\"uc_ac_box  elementor-repeater-item-d13dd0f\">\n  <div class=\"uc-heading uc_trigger\">\n    \n        <div class=\"ue_icon_holder\">\n      <div class=\"ue_icon\"><i class='lnr lnr-icon-chevron-right'><\/i><\/div>\n    <\/div>\n    <div class=\"ue_icon_spacing\"><\/div>\n        \n    <div class=\"ue_title\">2011 - Zeynep Tanbay'\u0131n 'Modern Dans G\u00f6sterisi'ne sponsor olundu.<\/div>\n    \n    \n        <div class=\"ue_expand_spacing\"><\/div>\n    <div class=\"ue_expand\">\n      <div class=\"ue_expand_inside\">\n      <span class=\"uc_dactive bbb ue_accordion_icon\" ><i class='fas fa-plus'><\/i><\/span>\n      <span class=\"uc_active bbb ue_accordion_icon\"><i class='fas fa-minus'><\/i><\/span>\n      <\/div>\n    <\/div>\n        \n  <\/div>\n  <!-- end of heading -->\n  \n  \n  <div class=\"uc_content\" >\n          \n     \n    \n     \n    \n  <\/div>\n<\/div>\n\n\n<div id=\"uc_uc_icon_accordion_elementor_1a431f2_item2\" class=\"uc_ac_box  elementor-repeater-item-6179864\">\n  <div class=\"uc-heading uc_trigger\">\n    \n        <div class=\"ue_icon_holder\">\n      <div class=\"ue_icon\"><i class='lnr lnr-icon-chevron-right'><\/i><\/div>\n    <\/div>\n    <div class=\"ue_icon_spacing\"><\/div>\n        \n    <div class=\"ue_title\">2010 - P\u0131nar K\u00f6ksal'\u0131n 'A\u015fk Senfonisi' konserine sponsor olundu.<\/div>\n    \n    \n        <div class=\"ue_expand_spacing\"><\/div>\n    <div class=\"ue_expand\">\n      <div class=\"ue_expand_inside\">\n      <span class=\"uc_dactive bbb ue_accordion_icon\" ><i class='fas fa-plus'><\/i><\/span>\n      <span class=\"uc_active bbb ue_accordion_icon\"><i class='fas fa-minus'><\/i><\/span>\n      <\/div>\n    <\/div>\n        \n  <\/div>\n  <!-- end of heading -->\n  \n  \n  <div class=\"uc_content\" >\n          \n     \n    \n     \n    \n  <\/div>\n<\/div>\n\n\n<div id=\"uc_uc_icon_accordion_elementor_1a431f2_item3\" class=\"uc_ac_box  elementor-repeater-item-22b7fde\">\n  <div class=\"uc-heading uc_trigger\">\n    \n        <div class=\"ue_icon_holder\">\n      <div class=\"ue_icon\"><i class='lnr lnr-icon-chevron-right'><\/i><\/div>\n    <\/div>\n    <div class=\"ue_icon_spacing\"><\/div>\n        \n    <div class=\"ue_title\">2007 - 500 ki\u015finin hayat\u0131n\u0131 kaybetti\u011fi bir ter\u00f6r sald\u0131r\u0131s\u0131nda ma\u011fdur olanlara, para yard\u0131m\u0131 yap\u0131ld\u0131.<\/div>\n    \n    \n        <div class=\"ue_expand_spacing\"><\/div>\n    <div class=\"ue_expand\">\n      <div class=\"ue_expand_inside\">\n      <span class=\"uc_dactive bbb ue_accordion_icon\" ><i class='fas fa-plus'><\/i><\/span>\n      <span class=\"uc_active bbb ue_accordion_icon\"><i class='fas fa-minus'><\/i><\/span>\n      <\/div>\n    <\/div>\n        \n  <\/div>\n  <!-- end of heading -->\n  \n  \n  <div class=\"uc_content\" >\n          \n     \n    \n     \n    \n  <\/div>\n<\/div>\n\n\n<div id=\"uc_uc_icon_accordion_elementor_1a431f2_item4\" class=\"uc_ac_box  elementor-repeater-item-56a102f\">\n  <div class=\"uc-heading uc_trigger\">\n    \n        <div class=\"ue_icon_holder\">\n      <div class=\"ue_icon\"><i class='lnr lnr-icon-chevron-right'><\/i><\/div>\n    <\/div>\n    <div class=\"ue_icon_spacing\"><\/div>\n        \n    <div class=\"ue_title\">2007 - Erbil \u00e7evresindeki bir okula k\u0131rtasiye, giyim ve yakacak yard\u0131m\u0131 yap\u0131ld\u0131.<\/div>\n    \n    \n        <div class=\"ue_expand_spacing\"><\/div>\n    <div class=\"ue_expand\">\n      <div class=\"ue_expand_inside\">\n      <span class=\"uc_dactive bbb ue_accordion_icon\" ><i class='fas fa-plus'><\/i><\/span>\n      <span class=\"uc_active bbb ue_accordion_icon\"><i class='fas fa-minus'><\/i><\/span>\n      <\/div>\n    <\/div>\n        \n  <\/div>\n  <!-- end of heading -->\n  \n  \n  <div class=\"uc_content\" >\n          \n     \n    \n     \n    \n  <\/div>\n<\/div>\n\n\n<div id=\"uc_uc_icon_accordion_elementor_1a431f2_item5\" class=\"uc_ac_box  elementor-repeater-item-1ff7eec\">\n  <div class=\"uc-heading uc_trigger\">\n    \n        <div class=\"ue_icon_holder\">\n      <div class=\"ue_icon\"><i class='lnr lnr-icon-chevron-right'><\/i><\/div>\n    <\/div>\n    <div class=\"ue_icon_spacing\"><\/div>\n        \n    <div class=\"ue_title\">2006 - Erbil yak\u0131nlar\u0131ndaki bir okulun \u00f6\u011frencilerine k\u0131yafet yard\u0131m\u0131 yap\u0131ld\u0131.<\/div>\n    \n    \n        <div class=\"ue_expand_spacing\"><\/div>\n    <div class=\"ue_expand\">\n      <div class=\"ue_expand_inside\">\n      <span class=\"uc_dactive bbb ue_accordion_icon\" ><i class='fas fa-plus'><\/i><\/span>\n      <span class=\"uc_active bbb ue_accordion_icon\"><i class='fas fa-minus'><\/i><\/span>\n      <\/div>\n    <\/div>\n        \n  <\/div>\n  <!-- end of heading -->\n  \n  \n  <div class=\"uc_content\" >\n          \n     \n    \n     \n    \n  <\/div>\n<\/div>\n\n\n<div id=\"uc_uc_icon_accordion_elementor_1a431f2_item6\" class=\"uc_ac_box  elementor-repeater-item-a6f3685\">\n  <div class=\"uc-heading uc_trigger\">\n    \n        <div class=\"ue_icon_holder\">\n      <div class=\"ue_icon\"><i class='lnr lnr-icon-chevron-right'><\/i><\/div>\n    <\/div>\n    <div class=\"ue_icon_spacing\"><\/div>\n        \n    <div class=\"ue_title\">2006 - Erbil k\u0131rsal\u0131ndaki bir ilkokul yenilendi.<\/div>\n    \n    \n        <div class=\"ue_expand_spacing\"><\/div>\n    <div class=\"ue_expand\">\n      <div class=\"ue_expand_inside\">\n      <span class=\"uc_dactive bbb ue_accordion_icon\" ><i class='fas fa-plus'><\/i><\/span>\n      <span class=\"uc_active bbb ue_accordion_icon\"><i class='fas fa-minus'><\/i><\/span>\n      <\/div>\n    <\/div>\n        \n  <\/div>\n  <!-- end of heading -->\n  \n  \n  <div class=\"uc_content\" >\n          \n     \n    \n     \n    \n  <\/div>\n<\/div>\n\n\n<div id=\"uc_uc_icon_accordion_elementor_1a431f2_item7\" class=\"uc_ac_box  elementor-repeater-item-ed62ace\">\n  <div class=\"uc-heading uc_trigger\">\n    \n        <div class=\"ue_icon_holder\">\n      <div class=\"ue_icon\"><i class='lnr lnr-icon-chevron-right'><\/i><\/div>\n    <\/div>\n    <div class=\"ue_icon_spacing\"><\/div>\n        \n    <div class=\"ue_title\">2006 - Erbil k\u0131rsal\u0131ndaki 4 ilkokula kirtasiye ve e\u011fitim malzemesi yard\u0131m\u0131 yap\u0131ld\u0131.<\/div>\n    \n    \n        <div class=\"ue_expand_spacing\"><\/div>\n    <div class=\"ue_expand\">\n      <div class=\"ue_expand_inside\">\n      <span class=\"uc_dactive bbb ue_accordion_icon\" ><i class='fas fa-plus'><\/i><\/span>\n      <span class=\"uc_active bbb ue_accordion_icon\"><i class='fas fa-minus'><\/i><\/span>\n      <\/div>\n    <\/div>\n        \n  <\/div>\n  <!-- end of heading -->\n  \n  \n  <div class=\"uc_content\" >\n          \n     \n    \n     \n    \n  <\/div>\n<\/div>\n\n\n<div id=\"uc_uc_icon_accordion_elementor_1a431f2_item8\" class=\"uc_ac_box  elementor-repeater-item-ffe3b7e\">\n  <div class=\"uc-heading uc_trigger\">\n    \n        <div class=\"ue_icon_holder\">\n      <div class=\"ue_icon\"><i class='lnr lnr-icon-chevron-right'><\/i><\/div>\n    <\/div>\n    <div class=\"ue_icon_spacing\"><\/div>\n        \n    <div class=\"ue_title\">2005 - E\u011fitim Bakanl\u0131\u011f\u0131 arac\u0131l\u0131\u011f\u0131yla, S\u00fcleymaniye'de 100 ilkokul \u00f6\u011frencisine k\u0131yafet yard\u0131m\u0131 yap\u0131ld\u0131.<\/div>\n    \n    \n        <div class=\"ue_expand_spacing\"><\/div>\n    <div class=\"ue_expand\">\n      <div class=\"ue_expand_inside\">\n      <span class=\"uc_dactive bbb ue_accordion_icon\" ><i class='fas fa-plus'><\/i><\/span>\n      <span class=\"uc_active bbb ue_accordion_icon\"><i class='fas fa-minus'><\/i><\/span>\n      <\/div>\n    <\/div>\n        \n  <\/div>\n  <!-- end of heading -->\n  \n  \n  <div class=\"uc_content\" >\n          \n     \n    \n     \n    \n  <\/div>\n<\/div>\n\n\n<div id=\"uc_uc_icon_accordion_elementor_1a431f2_item9\" class=\"uc_ac_box  elementor-repeater-item-82a3c92\">\n  <div class=\"uc-heading uc_trigger\">\n    \n        <div class=\"ue_icon_holder\">\n      <div class=\"ue_icon\"><i class='lnr lnr-icon-chevron-right'><\/i><\/div>\n    <\/div>\n    <div class=\"ue_icon_spacing\"><\/div>\n        \n    <div class=\"ue_title\">2004 - Kemal Salim Spor Kulub\u00fc Futbol, Basketbol, Voleybol ve Masa Tenisi tak\u0131mlar\u0131na k\u0131yafet yard\u0131m\u0131 yap\u0131ld\u0131.<\/div>\n    \n    \n        <div class=\"ue_expand_spacing\"><\/div>\n    <div class=\"ue_expand\">\n      <div class=\"ue_expand_inside\">\n      <span class=\"uc_dactive bbb ue_accordion_icon\" ><i class='fas fa-plus'><\/i><\/span>\n      <span class=\"uc_active bbb ue_accordion_icon\"><i class='fas fa-minus'><\/i><\/span>\n      <\/div>\n    <\/div>\n        \n  <\/div>\n  <!-- end of heading -->\n  \n  \n  <div class=\"uc_content\" >\n          \n     \n    \n     \n    \n  <\/div>\n<\/div>\n\n\n<div id=\"uc_uc_icon_accordion_elementor_1a431f2_item10\" class=\"uc_ac_box  elementor-repeater-item-fe89cf0\">\n  <div class=\"uc-heading uc_trigger\">\n    \n        <div class=\"ue_icon_holder\">\n      <div class=\"ue_icon\"><i class='lnr lnr-icon-chevron-right'><\/i><\/div>\n    <\/div>\n    <div class=\"ue_icon_spacing\"><\/div>\n        \n    <div class=\"ue_title\">2003 - Cemi Rezan Devlet Hastanesi'nde bir oda tefri\u015f edildi.<\/div>\n    \n    \n        <div class=\"ue_expand_spacing\"><\/div>\n    <div class=\"ue_expand\">\n      <div class=\"ue_expand_inside\">\n      <span class=\"uc_dactive bbb ue_accordion_icon\" ><i class='fas fa-plus'><\/i><\/span>\n      <span class=\"uc_active bbb ue_accordion_icon\"><i class='fas fa-minus'><\/i><\/span>\n      <\/div>\n    <\/div>\n        \n  <\/div>\n  <!-- end of heading -->\n  \n  \n  <div class=\"uc_content\" >\n          \n     \n    \n     \n    \n  <\/div>\n<\/div>\n\n\n<div id=\"uc_uc_icon_accordion_elementor_1a431f2_item11\" class=\"uc_ac_box  elementor-repeater-item-7fc152d\">\n  <div class=\"uc-heading uc_trigger\">\n    \n        <div class=\"ue_icon_holder\">\n      <div class=\"ue_icon\"><i class='lnr lnr-icon-chevron-right'><\/i><\/div>\n    <\/div>\n    <div class=\"ue_icon_spacing\"><\/div>\n        \n    <div class=\"ue_title\">2003 - E\u011fitim Bakanl\u0131\u011f\u0131 arac\u0131l\u0131\u011f\u0131yla, S\u00fcleymaniye'de 100 ilkokul \u00f6\u011frencisine k\u0131yafet yard\u0131m\u0131 yap\u0131ld\u0131.<\/div>\n    \n    \n        <div class=\"ue_expand_spacing\"><\/div>\n    <div class=\"ue_expand\">\n      <div class=\"ue_expand_inside\">\n      <span class=\"uc_dactive bbb ue_accordion_icon\" ><i class='fas fa-plus'><\/i><\/span>\n      <span class=\"uc_active bbb ue_accordion_icon\"><i class='fas fa-minus'><\/i><\/span>\n      <\/div>\n    <\/div>\n        \n  <\/div>\n  <!-- end of heading -->\n  \n  \n  <div class=\"uc_content\" >\n          \n     \n    \n     \n    \n  <\/div>\n<\/div>\n\n        <\/div>\n<\/div>\n<!-- end Icon Accordion -->\t\t\t\t<\/div>\n\t\t\t\t<\/div>\n\t\t\t\t\t<\/div>\n\t\t\t\t<\/div>\n\t\t\t\t<\/div>\n\t\t","protected":false},"excerpt":{"rendered":"<p>Petoil \u00f6nc\u00fc k\u00fclt\u00fcr\u00fcne uygun olarak, yarat\u0131c\u0131, yenilik\u00e7i ve i\u015fbirlik\u00e7i bir \u00e7evrenin sa\u011flanmas\u0131n\u0131 \u00f6n planda tutmaktad\u0131r. Daha iyi bir \u00e7al\u0131\u015fma ortam\u0131&#8230;<\/p>\n","protected":false},"author":1,"featured_media":0,"parent":50978,"menu_order":0,"comment_status":"closed","ping_status":"closed","template":"","meta":{"footnotes":""},"class_list":["post-51759","page","type-page","status-publish","hentry"],"_links":{"self":[{"href":"https:\/\/www.alfa.web.tr\/petoil\/wp-json\/wp\/v2\/pages\/51759","targetHints":{"allow":["GET"]}}],"collection":[{"href":"https:\/\/www.alfa.web.tr\/petoil\/wp-json\/wp\/v2\/pages"}],"about":[{"href":"https:\/\/www.alfa.web.tr\/petoil\/wp-json\/wp\/v2\/types\/page"}],"author":[{"embeddable":true,"href":"https:\/\/www.alfa.web.tr\/petoil\/wp-json\/wp\/v2\/users\/1"}],"replies":[{"embeddable":true,"href":"https:\/\/www.alfa.web.tr\/petoil\/wp-json\/wp\/v2\/comments?post=51759"}],"version-history":[{"count":19,"href":"https:\/\/www.alfa.web.tr\/petoil\/wp-json\/wp\/v2\/pages\/51759\/revisions"}],"predecessor-version":[{"id":52484,"href":"https:\/\/www.alfa.web.tr\/petoil\/wp-json\/wp\/v2\/pages\/51759\/revisions\/52484"}],"up":[{"embeddable":true,"href":"https:\/\/www.alfa.web.tr\/petoil\/wp-json\/wp\/v2\/pages\/50978"}],"wp:attachment":[{"href":"https:\/\/www.alfa.web.tr\/petoil\/wp-json\/wp\/v2\/media?parent=51759"}],"curies":[{"name":"wp","href":"https:\/\/api.w.org\/{rel}","templated":true}]}}