{"id":51749,"date":"2024-10-17T11:47:42","date_gmt":"2024-10-17T11:47:42","guid":{"rendered":"https:\/\/www.alfa.web.tr\/petoil\/?page_id=51749"},"modified":"2026-01-21T07:45:18","modified_gmt":"2026-01-21T07:45:18","slug":"stratejimiz","status":"publish","type":"page","link":"https:\/\/www.alfa.web.tr\/petoil\/kurumsal\/stratejimiz\/","title":{"rendered":"Stratejimiz"},"content":{"rendered":"\t\t<div data-elementor-type=\"wp-page\" data-elementor-id=\"51749\" class=\"elementor elementor-51749\">\n\t\t\t\t<div class=\"elementor-element elementor-element-ea318d0 e-con-full e-flex e-con e-parent\" data-id=\"ea318d0\" data-element_type=\"container\" data-settings=\"{&quot;background_background&quot;:&quot;classic&quot;}\">\n\t\t<div class=\"elementor-element elementor-element-af133b3 e-grid e-con-boxed e-con e-child\" data-id=\"af133b3\" data-element_type=\"container\">\n\t\t\t\t\t<div class=\"e-con-inner\">\n\t\t\t\t<div class=\"elementor-element elementor-element-9515a87 elementor-widget elementor-widget-text-editor\" data-id=\"9515a87\" data-element_type=\"widget\" data-widget_type=\"text-editor.default\">\n\t\t\t\t<div class=\"elementor-widget-container\">\n\t\t\t\t\t\t\t\t\t<p>Petoil, faaliyet g\u00f6sterdi\u011fi b\u00f6lgelere ili\u015fkin k\u00f6kl\u00fc bilgisi, ulusal ve yerel h\u00fck\u00fcmetlerle, b\u00f6lgedeki kilit hizmet firmalar\u0131yla olan yak\u0131n ili\u015fkisi sayesinde bu b\u00f6lgelerde sa\u011flam bir yer edinmektedir. Petoil, teknik ve operasyonel konular ile, arama ve rezerv tespiti faaliyetlerinde, ge\u00e7mi\u015ften gelen geli\u015ftirme ve \u00fcretime dayal\u0131 tecr\u00fcbelerini kullanmaktad\u0131r.<\/p><p><strong>Petoil&#8217;in genel stratejisi<\/strong><br \/>\u2022 \u00c7al\u0131\u015ft\u0131\u011f\u0131 b\u00f6lgelere odaklanmaya devam ederek, bu b\u00f6lgelerin jeolojileri konusunda derin bilgi sahibi olmak ve yerel yetkililerle olan ileti\u015fim a\u011f\u0131n\u0131 muhafaza etmek<br \/>\u2022 D\u00fc\u015f\u00fck maliyetli bir operat\u00f6r olmaya devam etmek<br \/>\u2022 Orta Do\u011fu ve Kuzey Afrika\u2019da yeni olanaklar i\u00e7in ara\u015ft\u0131rmalar yapmakt\u0131r.<\/p>\t\t\t\t\t\t\t\t<\/div>\n\t\t\t\t<\/div>\n\t\t\t\t<div class=\"elementor-element elementor-element-f8b9e66 elementor-widget elementor-widget-image\" data-id=\"f8b9e66\" data-element_type=\"widget\" data-widget_type=\"image.default\">\n\t\t\t\t<div class=\"elementor-widget-container\">\n\t\t\t\t\t\t\t\t\t\t\t\t\t\t\t<img fetchpriority=\"high\" decoding=\"async\" width=\"2560\" height=\"1707\" src=\"https:\/\/www.alfa.web.tr\/petoil\/wp-content\/uploads\/2024\/10\/pexels-charlie-solorzano-614781-1762815-scaled.jpg\" class=\"attachment-full size-full wp-image-51799\" alt=\"\" srcset=\"https:\/\/www.alfa.web.tr\/petoil\/wp-content\/uploads\/2024\/10\/pexels-charlie-solorzano-614781-1762815-scaled.jpg 2560w, https:\/\/www.alfa.web.tr\/petoil\/wp-content\/uploads\/2024\/10\/pexels-charlie-solorzano-614781-1762815-300x200.jpg 300w, https:\/\/www.alfa.web.tr\/petoil\/wp-content\/uploads\/2024\/10\/pexels-charlie-solorzano-614781-1762815-1024x683.jpg 1024w, https:\/\/www.alfa.web.tr\/petoil\/wp-content\/uploads\/2024\/10\/pexels-charlie-solorzano-614781-1762815-768x512.jpg 768w, https:\/\/www.alfa.web.tr\/petoil\/wp-content\/uploads\/2024\/10\/pexels-charlie-solorzano-614781-1762815-1536x1024.jpg 1536w, https:\/\/www.alfa.web.tr\/petoil\/wp-content\/uploads\/2024\/10\/pexels-charlie-solorzano-614781-1762815-2048x1365.jpg 2048w, https:\/\/www.alfa.web.tr\/petoil\/wp-content\/uploads\/2024\/10\/pexels-charlie-solorzano-614781-1762815-672x448.jpg 672w\" sizes=\"(max-width: 2560px) 100vw, 2560px\" \/>\t\t\t\t\t\t\t\t\t\t\t\t\t\t\t<\/div>\n\t\t\t\t<\/div>\n\t\t\t\t\t<\/div>\n\t\t\t\t<\/div>\n\t\t\t\t<\/div>\n\t\t\t\t<\/div>\n\t\t","protected":false},"excerpt":{"rendered":"<p>Petoil, faaliyet g\u00f6sterdi\u011fi b\u00f6lgelere ili\u015fkin k\u00f6kl\u00fc bilgisi, ulusal ve yerel h\u00fck\u00fcmetlerle, b\u00f6lgedeki kilit hizmet firmalar\u0131yla olan yak\u0131n ili\u015fkisi sayesinde bu&#8230;<\/p>\n","protected":false},"author":1,"featured_media":0,"parent":50978,"menu_order":0,"comment_status":"closed","ping_status":"closed","template":"","meta":{"footnotes":""},"class_list":["post-51749","page","type-page","status-publish","hentry"],"_links":{"self":[{"href":"https:\/\/www.alfa.web.tr\/petoil\/wp-json\/wp\/v2\/pages\/51749","targetHints":{"allow":["GET"]}}],"collection":[{"href":"https:\/\/www.alfa.web.tr\/petoil\/wp-json\/wp\/v2\/pages"}],"about":[{"href":"https:\/\/www.alfa.web.tr\/petoil\/wp-json\/wp\/v2\/types\/page"}],"author":[{"embeddable":true,"href":"https:\/\/www.alfa.web.tr\/petoil\/wp-json\/wp\/v2\/users\/1"}],"replies":[{"embeddable":true,"href":"https:\/\/www.alfa.web.tr\/petoil\/wp-json\/wp\/v2\/comments?post=51749"}],"version-history":[{"count":25,"href":"https:\/\/www.alfa.web.tr\/petoil\/wp-json\/wp\/v2\/pages\/51749\/revisions"}],"predecessor-version":[{"id":52471,"href":"https:\/\/www.alfa.web.tr\/petoil\/wp-json\/wp\/v2\/pages\/51749\/revisions\/52471"}],"up":[{"embeddable":true,"href":"https:\/\/www.alfa.web.tr\/petoil\/wp-json\/wp\/v2\/pages\/50978"}],"wp:attachment":[{"href":"https:\/\/www.alfa.web.tr\/petoil\/wp-json\/wp\/v2\/media?parent=51749"}],"curies":[{"name":"wp","href":"https:\/\/api.w.org\/{rel}","templated":true}]}}