{"id":51640,"date":"2024-10-17T08:30:26","date_gmt":"2024-10-17T08:30:26","guid":{"rendered":"https:\/\/www.alfa.web.tr\/petholding\/privacy-center\/cookie-policy\/"},"modified":"2024-10-17T08:59:00","modified_gmt":"2024-10-17T08:59:00","slug":"cookie-policy","status":"publish","type":"page","link":"https:\/\/www.alfa.web.tr\/petoil\/privacy-center\/cookie-policy\/","title":{"rendered":"\u00c7erez Politikas\u0131"},"content":{"rendered":"<p><strong>\u00c7erez Nedir?<\/strong><\/p>\n<p>\u00c7erezler, ziyaret edilen web sitesi taraf\u0131ndan olu\u015fturulan ve veri i\u00e7eren k\u00fc\u00e7\u00fck metin dosyalar\u0131d\u0131r. Kullan\u0131c\u0131ya \u00e7e\u015fitli i\u015flevlere eri\u015fim sa\u011flamak i\u00e7in ziyaret\u00e7inin bilgisayar\u0131nda saklan\u0131rlar. Bu web sitesinde (\u201cSite\u201d) hem oturum \u00e7erezleri hem de oturum d\u0131\u015f\u0131 \u00e7erezler kullan\u0131lmaktad\u0131r. Ziyaret\u00e7i web sitesine g\u00f6z atarken bir oturum \u00e7erezi ge\u00e7ici olarak bilgisayar belle\u011finde saklan\u0131r. Bu \u00e7erez, kullan\u0131c\u0131 web taray\u0131c\u0131s\u0131n\u0131 kapatt\u0131\u011f\u0131nda veya belirli bir s\u00fcre ge\u00e7tikten sonra silinir (yani oturumun s\u00fcresi dolar). Oturum d\u0131\u015f\u0131 bir \u00e7erez, silinene kadar ziyaret\u00e7inin bilgisayar\u0131nda kal\u0131r.<\/p>\n<p><strong>\u00c7erezleri neden kullan\u0131yoruz?<\/strong><\/p>\n<p>Ziyaret\u00e7ilerin i\u00e7eri\u011fimizle etkile\u015fim \u015fekli hakk\u0131nda daha fazla bilgi edinmek ve Sitemizi ziyaret ederken deneyimi geli\u015ftirmemize yard\u0131mc\u0131 olmak i\u00e7in \u00e7erezleri kullan\u0131r\u0131z.<\/p>\n<p><strong>Site \u0130\u015flevselli\u011fi<\/strong><\/p>\n<p>Payla\u015f\u0131m i\u015flevi, ziyaret\u00e7iler taraf\u0131ndan Sitemizi ve i\u00e7eri\u011fimizi Facebook ve Twitter gibi sosyal a\u011flarda \u00f6nermek i\u00e7in kullan\u0131l\u0131r. \u00c7erezler, Sitenin geli\u015ftirilebilmesi i\u00e7in ziyaret\u00e7ilerin payla\u015f\u0131m i\u015flevini \u2013 bireysel d\u00fczeyde olmasa da \u2013 nas\u0131l kulland\u0131klar\u0131na ili\u015fkin bilgileri depolar. \u00c7erezleri kabul etmiyorsan\u0131z, hi\u00e7bir bilgi saklanmaz.<\/p>\n<p>Sitemizdeki baz\u0131 i\u015flevler i\u00e7in, \u00f6rne\u011fin YouTube&#8217;dan g\u00f6m\u00fcl\u00fc videolar veya YouTube&#8217;a ba\u011flant\u0131lar i\u00e7eren bir sayfay\u0131 ziyaret etti\u011finizde \u00fc\u00e7\u00fcnc\u00fc taraf tedarik\u00e7ileri kullan\u0131r\u0131z. \u00dc\u00e7\u00fcnc\u00fc taraf \u00e7erezleri i\u00e7erebilir ve \u00e7erezlerin kullan\u0131m\u0131yla ilgili bilgi i\u00e7in bu \u00fc\u00e7\u00fcnc\u00fc taraf web sitelerinin politikalar\u0131na dan\u0131\u015fmak isteyebilirsiniz.<\/p>\n<p><strong>Kulland\u0131\u011f\u0131m\u0131z \u00c7erezler:<\/strong><\/p>\n<p>Bu Site, \u00e7erezleri kullanan Google Analytics&#8217;i kullan\u0131r. \u00c7erezler, toplam d\u00fczeyde, web sitesini iyile\u015ftirmek ve iyi bir kullan\u0131c\u0131 deneyimi sa\u011flamak i\u00e7in g\u00f6r\u00fcnt\u00fclenen sayfa say\u0131s\u0131, ziyaret\u00e7inin nereden geldi\u011fi ve ziyaret say\u0131s\u0131 dahil olmak \u00fczere ziyaret\u00e7ilerin Siteyi nas\u0131l kulland\u0131klar\u0131na ili\u015fkin bilgileri depolar. \u00c7erezleri kabul etmiyorsan\u0131z, hi\u00e7bir bilgi saklanmaz.<\/p>\n<p><strong>\u00c7erezler nas\u0131l reddedilir?<\/strong><\/p>\n<p>Bir ziyaret\u00e7i hakk\u0131nda ki\u015fisel olarak tan\u0131mlanabilir bilgiler toplamak i\u00e7in \u00e7erezleri kullanmayaca\u011f\u0131z.<\/p>\n<p>Ancak, taray\u0131c\u0131 ayarlar\u0131n\u0131z\u0131 de\u011fi\u015ftirerek {web siteniz} taraf\u0131ndan belirlenen \u00e7erezleri reddetmeyi veya engellemeyi se\u00e7ebilirsiniz \u2013 daha fazla ayr\u0131nt\u0131 i\u00e7in taray\u0131c\u0131n\u0131zdaki &#8220;Yard\u0131m i\u015flevine&#8221; bak\u0131n.\u00a0\u00c7o\u011fu taray\u0131c\u0131n\u0131n \u00e7erezleri otomatik olarak kabul etti\u011fini l\u00fctfen unutmay\u0131n, bu nedenle \u00e7erezlerin kullan\u0131lmas\u0131n\u0131 istemiyorsan\u0131z, \u00e7erezleri aktif olarak silmeniz veya engellemeniz gerekebilir.<\/p>\n<p>Cep telefonu taray\u0131c\u0131lar\u0131nda \u00e7erezlerin kullan\u0131m\u0131 ve bu t\u00fcr \u00e7erezlerin nas\u0131l reddedilece\u011fi veya silinece\u011fi ile ilgili ayr\u0131nt\u0131lar i\u00e7in l\u00fctfen cep telefonu k\u0131lavuzunuza bak\u0131n.<\/p>\n","protected":false},"excerpt":{"rendered":"<p>\u00c7erez Nedir? \u00c7erezler, ziyaret edilen web sitesi taraf\u0131ndan olu\u015fturulan ve veri i\u00e7eren k\u00fc\u00e7\u00fck metin dosyalar\u0131d\u0131r. Kullan\u0131c\u0131ya \u00e7e\u015fitli i\u015flevlere eri\u015fim sa\u011flamak&#8230;<\/p>\n","protected":false},"author":1,"featured_media":0,"parent":51638,"menu_order":0,"comment_status":"closed","ping_status":"closed","template":"","meta":{"footnotes":""},"class_list":["post-51640","page","type-page","status-publish","hentry"],"_links":{"self":[{"href":"https:\/\/www.alfa.web.tr\/petoil\/wp-json\/wp\/v2\/pages\/51640","targetHints":{"allow":["GET"]}}],"collection":[{"href":"https:\/\/www.alfa.web.tr\/petoil\/wp-json\/wp\/v2\/pages"}],"about":[{"href":"https:\/\/www.alfa.web.tr\/petoil\/wp-json\/wp\/v2\/types\/page"}],"author":[{"embeddable":true,"href":"https:\/\/www.alfa.web.tr\/petoil\/wp-json\/wp\/v2\/users\/1"}],"replies":[{"embeddable":true,"href":"https:\/\/www.alfa.web.tr\/petoil\/wp-json\/wp\/v2\/comments?post=51640"}],"version-history":[{"count":2,"href":"https:\/\/www.alfa.web.tr\/petoil\/wp-json\/wp\/v2\/pages\/51640\/revisions"}],"predecessor-version":[{"id":51660,"href":"https:\/\/www.alfa.web.tr\/petoil\/wp-json\/wp\/v2\/pages\/51640\/revisions\/51660"}],"up":[{"embeddable":true,"href":"https:\/\/www.alfa.web.tr\/petoil\/wp-json\/wp\/v2\/pages\/51638"}],"wp:attachment":[{"href":"https:\/\/www.alfa.web.tr\/petoil\/wp-json\/wp\/v2\/media?parent=51640"}],"curies":[{"name":"wp","href":"https:\/\/api.w.org\/{rel}","templated":true}]}}