{"id":51638,"date":"2024-10-17T08:30:26","date_gmt":"2024-10-17T08:30:26","guid":{"rendered":"https:\/\/www.alfa.web.tr\/petholding\/privacy-center\/"},"modified":"2024-10-17T09:14:57","modified_gmt":"2024-10-17T09:14:57","slug":"privacy-center","status":"publish","type":"page","link":"https:\/\/www.alfa.web.tr\/petoil\/privacy-center\/","title":{"rendered":"Gizlilik Merkezi"},"content":{"rendered":"<p><strong>PETHOLD\u0130NG WEB S\u0130TES\u0130 KULLANIM VE G\u0130ZL\u0130L\u0130K KO\u015eULLARI<\/strong><\/p>\n<p>Web sayfas\u0131 kullan\u0131m ko\u015fullar\u0131 ve gizlilik politikas\u0131; bu siteyi veya bu site arac\u0131l\u0131\u011f\u0131yla, ya da bu siteyle ba\u011flant\u0131l\u0131 olarak bize ula\u015fan ki\u015fisel bilgilerinizin kullan\u0131m\u0131n\u0131 kapsamaktad\u0131r.<\/p>\n<p><strong>Bilgilerin toplanmas\u0131 ve kullan\u0131m\u0131<\/strong><\/p>\n<p>Ki\u015fisel bilgilerinizi (\u00f6rne\u011fin ad, adres, telefon numaras\u0131 ve e-posta) sizden gelen soru ya da talepleri kar\u015f\u0131lamak veya sizi faaliyetlerimiz hakk\u0131nda bilgilendirmek i\u00e7in al\u0131yor ve kullan\u0131yoruz.<\/p>\n<p>Bu gizlilik politikas\u0131nda belirtilen durumlar d\u0131\u015f\u0131nda kimli\u011finizin tespit edilmesine yol a\u00e7abilecek bilgilerinizi, yasal nedenlerle (\u00f6rne\u011fin hukuki i\u015flemler gere\u011fi ya da doland\u0131r\u0131c\u0131l\u0131k veya di\u011fer bir su\u00e7un \u00f6nlenmesi amac\u0131yla bizden talep edilmesi gibi nedenlerle) mecbur kalmad\u0131\u011f\u0131m\u0131z s\u00fcrece, ya da haklar\u0131m\u0131z\u0131, varl\u0131klar\u0131m\u0131z\u0131, ki\u015fisel emniyetimizi ve kullan\u0131c\u0131lar\u0131m\u0131z\u0131n emniyetini korumak, savunmak vb. nedenlerle a\u00e7\u0131klamam\u0131z gerekmedik\u00e7e, sizin izniniz olmadan a\u00e7\u0131klamayaca\u011f\u0131z.<\/p>\n<p>Gerekti\u011finde, ki\u015fisel bilgilerinizi yukar\u0131da belirtilen nedenlerin yan\u0131nda sizin yarar\u0131n\u0131za olaca\u011f\u0131na inand\u0131\u011f\u0131m\u0131z nedenlerle de kullanabiliriz. Ancak, bilgilerinizin bu \u015fekilde kullanmam\u0131z\u0131 engellemeniz m\u00fcmk\u00fcnd\u00fcr.<\/p>\n<p>Bilgilerinizin kullan\u0131m\u0131na son verilmesini istemeniz halinde, bilgilerinizin s\u00f6z konusu ama\u00e7larla kullan\u0131lmas\u0131na, makul \u00f6l\u00e7\u00fclerde m\u00fcmk\u00fcn olabilecek en k\u0131sa zamanda son verece\u011fiz. Ancak b\u00f6yle bir durumda ki\u015fisel verilerinizi yukar\u0131daki b\u00f6l\u00fcmde belirtilen ama\u00e7larla, makul \u00f6l\u00e7\u00fclerde kullanmaya devam edece\u011fiz.<\/p>\n<p>13 ya\u015f\u0131ndan k\u00fc\u00e7\u00fckseniz l\u00fctfen ki\u015fisel bilgilerinizi (\u00f6rne\u011fin ad\u0131n\u0131z, adresiniz ve e-posta adresiniz) bize g\u00f6ndermeyin. Buna ra\u011fmen (13 ya\u015f\u0131ndan k\u00fc\u00e7\u00fckseniz) bize bir soru sormak ya da bu siteyi ki\u015fisel bilgilerinizin bize ula\u015ft\u0131r\u0131lmas\u0131n\u0131 gerektiren herhangi bir \u015fekilde kullanmak istiyorsan\u0131z, l\u00fctfen anne-baban\u0131z\u0131n ya da vasinizin bu i\u015fi sizin ad\u0131n\u0131za yapmas\u0131n\u0131 sa\u011flay\u0131n.<\/p>\n<p><strong>Ki\u015fisel olmayan bilgilerin toplanmas\u0131<\/strong><\/p>\n<p>Kulland\u0131\u011f\u0131n\u0131z internet taray\u0131c\u0131 t\u00fcr\u00fc ya da bizim sitemize ba\u011fland\u0131\u011f\u0131n\u0131z web sitesi gibi ki\u015fisel olmayan bilgilerinizi de otomatik olarak toplayabiliriz. Ayr\u0131ca siteye g\u00f6nderdi\u011finiz detay bilgileri (\u00f6rne\u011fin ya\u015f\u0131n\u0131z ya da ya\u015fad\u0131\u011f\u0131n\u0131z kent) de toplayabiliriz. Bu bilgilerle kimli\u011finiz saptanamaz ve bunlar yaln\u0131z sitenin etkin hizmet sa\u011flamas\u0131 i\u00e7in kullan\u0131l\u0131r. Bu t\u00fcrden ki\u015fisel olmayan ya da toplu verileri bu siteyle ba\u011flant\u0131l\u0131 ama\u00e7larla kullanmalar\u0131 i\u00e7in \u00fc\u00e7\u00fcnc\u00fc \u015fah\u0131slarla da payla\u015fabiliriz.<\/p>\n<p><strong>\u00c7erezlerin (cookies) kullan\u0131m\u0131<\/strong><\/p>\n<p>Sitemizi izlerken genel olarak \u201ccookies\u201d (\u00e7erez) olarak adland\u0131r\u0131lan baz\u0131 bilgileri bilgisayar\u0131n\u0131zda depolayabiliriz. Web sitemizi tekrar ziyaret etti\u011finizde bu \u00e7erezleri bilgi ama\u00e7l\u0131 olarak okuyabiliriz. Bir \u00e7erezin sizin taraf\u0131n\u0131zdan kabul edilmesi sonucunda toplad\u0131\u011f\u0131m\u0131z bilgi t\u00fcr\u00fc PC\u2019nize \u00f6zg\u00fcd\u00fcr ve IP adresinizi, PC\u2019nin web sitesini ziyaret tarih ve saati, web sitemizin hangi b\u00f6l\u00fcmlerinin ziyaret edildi\u011fi ve ula\u015f\u0131lmak istenen web sayfalar\u0131n\u0131n ba\u015far\u0131yla size sunulup sunulmad\u0131\u011f\u0131 gibi verileri i\u00e7erir. Bu bilgiler anonimdir. Ki\u015fiye ait de\u011fil, bilgisayara aittir.<\/p>\n<p>\u00c7erez verilerinden, web sitemizin kullan\u0131m\u0131na ili\u015fkin daha fazla bilgiye sahip olmak ve web sitemizin optimum seviyede \u00e7al\u0131\u015f\u0131p \u00e7al\u0131\u015fmad\u0131\u011f\u0131n\u0131 g\u00f6rebilmek amac\u0131yla yararlan\u0131r\u0131z. Bu, sizlere verdi\u011fimiz web hizmetlerini geli\u015ftirmemizi, keyifli ve yenilik\u00e7i bir \u00e7evrimi\u00e7i (online) deneyim sunmam\u0131z\u0131 m\u00fcmk\u00fcn k\u0131lar.<\/p>\n<p>Bilgisayar\u0131n\u0131z\u0131n ayarlar\u0131n\u0131 de\u011fi\u015ftirerek bu bilgileri silebilir ya da bloke edebilirsiniz (bunun i\u00e7in l\u00fctfen yard\u0131m ekranlar\u0131n\u0131za ya da elkitaplar\u0131n\u0131za bak\u0131n). Bu bilgileri siler ya da bloke ederseniz, sitenin baz\u0131 \u00f6zelliklerinden yararlanamayabilirsiniz.<\/p>\n<p><strong>Kay\u0131tlar\u0131m\u0131z\u0131n do\u011fru olarak tutulmas\u0131<\/strong><\/p>\n<p>Bizde bulunan size ait bilgilerin m\u00fcmk\u00fcn oldu\u011funca do\u011fru olmas\u0131n\u0131 ama\u00e7lamaktay\u0131z. Bize sundu\u011funuz bilgileri g\u00f6zden ge\u00e7irmek ya da de\u011fi\u015fiklik yapmak istemeniz durumunda l\u00fctfen bizimle ba\u011flant\u0131ya ge\u00e7iniz.<\/p>\n<p><strong>Ki\u015fisel verilerinizin g\u00fcvenli\u011fi<\/strong><\/p>\n<p>Ki\u015fisel bilgilerinize yetkili olmayan ki\u015filer taraf\u0131ndan ula\u015f\u0131lmas\u0131n\u0131 ve do\u011fru olmayan \u015fekillerde kullan\u0131lmas\u0131n\u0131 engellemek i\u00e7in teknolojik \u00f6nlemler almakta ve bu amaca y\u00f6nelik politikalar uygulamaktay\u0131z. Bu \u00f6nlemleri uygun yeni teknolojiler geli\u015ftik\u00e7e g\u00fcncelleyece\u011fiz. Di\u011fer web sitelerine ula\u015ft\u0131rd\u0131\u011f\u0131n\u0131z ki\u015fisel bilgilerinizin kullan\u0131m\u0131<\/p>\n<p>Di\u011fer bir web sitesine, bizim web sitemizdeki bir link arac\u0131l\u0131\u011f\u0131yla ula\u015fm\u0131\u015f olsan\u0131z bile, Bizim web sitemize di\u011fer bir web sitesindeki linkten ula\u015fm\u0131\u015f olsan\u0131z bile, di\u011fer web sitelerinin gizlilik politikalar\u0131 ve uygulamalar\u0131ndan sorumlu olamay\u0131z.<\/p>\n<p>Ziyaret etti\u011finiz web sitesinin gizlilik politikas\u0131n\u0131 okuman\u0131z\u0131 ve e\u011fer herhangi bir kayg\u0131n\u0131z ya da sorunuz olursa s\u00f6z konusu web sitesinin sahibiyle ya da i\u015fleticisiyle temasa ge\u00e7menizi tavsiye ederiz. Bu gizlilik politikalar\u0131nda de\u011fi\u015fiklik yap\u0131labilir.<\/p>\n<p>Zaman zaman bu gizlilik politikas\u0131nda de\u011fi\u015fiklik yapabiliriz. E\u011fer bu gizlilik politikas\u0131nda ve ki\u015fisel bilgilerinizi kullanma \u015fekillerimizde \u00f6nemli de\u011fi\u015fiklikler olursa bu de\u011fi\u015fiklikleri bu sayfada yay\u0131nlanacakt\u0131r. L\u00fctfen gizlilik politikam\u0131z\u0131 d\u00fczenli olarak kontrol edin. Bizimle yay\u0131n ve gizlilik politikam\u0131zla ilgili ba\u011flant\u0131ya ge\u00e7mek isterseniz, bize pet@petholding.com.tr e-posta adresinden ula\u015fabilirsiniz.<\/p>\n<p><strong>Yasal Uyar\u0131<\/strong><\/p>\n<p>Pet Holding ve \u015firketlerinin her biri ayr\u0131 bir t\u00fczel ki\u015filiktir; ancak bu web sitesinde zaman zaman, genel olarak Pet Holding \u015firketlerine at\u0131fta bulunmak istenildi\u011finde ya da belirli bir Pet Holding \u015firketine at\u0131fta bulunman\u0131n gerekmedi\u011fi durumlarda \u201cPetholding\u201d, \u201cGrup\u201d, \u201cbiz\u201d, \u201cbizim\u201d gibi genel s\u00f6zc\u00fckler kullan\u0131lmaktad\u0131r.<\/p>\n<p>Petholding herhangi bir y\u00fck\u00fcml\u00fcl\u00fc\u011f\u00fc (bu web sitesinin ba\u011flant\u0131 sa\u011flad\u0131\u011f\u0131 bir ba\u015fka web sitelerinin i\u00e7eri\u011finde herhangi bir \u00fc\u00e7\u00fcnc\u00fc \u015fahs\u0131n fikri haklar\u0131n\u0131 ihlal etti\u011fi gerek\u00e7esiyle tazminat talebinden do\u011fabilecek herhangi bir y\u00fck\u00fcml\u00fcl\u00fck dahil olmak \u00fczere) kabul etmemektedir.<\/p>\n<p>Bu web sitesinde yer alan b\u00fct\u00fcn bilgiler ve tavsiyeler genel nitelikte oldu\u011fundan bunlara dayanarak karar vermemeniz gerekir. Petholding bu web sitesinde sunulan b\u00fct\u00fcn bilgilerin, web sitesine dahil edildi\u011fi an itibariyle, do\u011fru olmas\u0131na gayret etmekte, ancak bunlar\u0131n do\u011fru oldu\u011funa dair garanti vermemektedir.<\/p>\n<p>Bu bilgilere ya da tavsiyelere dayanarak verdi\u011finiz kararlar\u0131n sonu\u00e7lar\u0131ndan, u\u011frayabilece\u011finiz zarar, ziyandan Petholding sorumlu de\u011fildir. Fikri\/m\u00fclkiyet Haklar\u0131<\/p>\n<p>Bu web sitesi telif haklar\u0131 ve\/veya di\u011fer fikri m\u00fclkiyet haklar\u0131 taraf\u0131ndan korunan yaz\u0131, foto\u011fraf, di\u011fer g\u00f6rsel \u00f6\u011feler ve ses \u00f6\u011feleri gibi malzemeler i\u00e7ermektedir. Telif haklar\u0131 ve di\u011fer fikri m\u00fclkiyet haklar\u0131n\u0131n tamam\u0131 ya Petholding m\u00fclkiyetindedir. Bu web sitesinde ayr\u0131ca baz\u0131 ticari markalar, bu arada \u201cPetholding ve ba\u011fl\u0131 \u015firketleri\u201d markas\u0131 ve Petholding amblemi yer almaktad\u0131r.<\/p>\n<p>Bu web sitesinde bulunan b\u00fct\u00fcn ticari markalar ya Petholding\u2019e aittir ya da lisans kar\u015f\u0131l\u0131\u011f\u0131nda bu web sitesinde kullan\u0131lmak \u00fczere sahipleri taraf\u0131ndan Petholdinge\u2019e izin verilmi\u015ftir.<\/p>\n<p>Bu Sitede yapabilecekleriniz veya \u00f6nceden a\u00e7\u0131k yaz\u0131l\u0131 iznimizi almadan yapamayacaklar\u0131n\u0131z<\/p>\n<p>Bu web sitesinin b\u00fct\u00fcn b\u00f6l\u00fcmlerine girebilirsiniz; Bilgi amac\u0131yla b\u00fct\u00fcn sayfalar\u0131ndan birer adet bas\u0131l\u0131 kopya alabilirsiniz. Bu web sitesinde bulunan bilgileri da\u011f\u0131tamazs\u0131n\u0131z (kopyalar\u0131n\u0131n da\u011f\u0131t\u0131lmas\u0131 dahil); yay\u0131nlayamazs\u0131n\u0131z, de\u011fi\u015ftiremez ya da \u00fczerinde oynayamazs\u0131n\u0131z. \u201cyapabilecekleriniz\u201d paragraf\u0131nda belirtilenler d\u0131\u015f\u0131nda, ba\u015fka \u015fekillerde kullanamazs\u0131n\u0131z.<\/p>\n<p>Bu web sitesine link ekleyemezsiniz\/link veremezsiniz. E\u011fer bu web sitesine bir \u201chipertext\u201d (yard\u0131ml\u0131 metin) ya da link eklemek istiyorsan\u0131z, l\u00fctfen Petholding\u2019e ba\u015fvurun ve a\u015fa\u011f\u0131daki bilgileri veriniz:<\/p>\n<p>&#8211; Bu web sitesinden link vermek istedi\u011finiz web sayfas\u0131n\u0131n\/sayfalar\u0131n\u0131n URL adresi\/adresleri<\/p>\n<p>&#8211; Bu web sitesine link vermek istedi\u011finiz web sayfas\u0131n\u0131n\/sayfalar\u0131n\u0131n URL adresi\/adresleri<\/p>\n<p>Bu bilgileri verdikten sonra ba\u015fvurunuzu de\u011ferlendirmeye alaca\u011f\u0131z. \u0130ste\u011finizi kabul etmek ya da etmemek bizim karar\u0131m\u0131za ba\u011fl\u0131d\u0131r ve iste\u011finizi kabul etmek gibi bir zorunlulu\u011fumuz bulunmamaktad\u0131r. Ko\u015fullarda de\u011fi\u015fiklik yap\u0131lmas\u0131<\/p>\n<p>Petholding bu web sayfas\u0131n\u0131n gerek kullan\u0131m ko\u015fullar\u0131nda, gerekse yukar\u0131da yer alan yasal uyar\u0131da zaman zaman de\u011fi\u015fiklikler yapabilir.<\/p>\n<p>Bu web sitesine girerek o an i\u00e7in ge\u00e7erli olan ko\u015fullar\u0131 ve yasal uyar\u0131y\u0131 kabul etmi\u015f olaca\u011f\u0131n\u0131zdan her defas\u0131nda s\u00f6z konusu ko\u015fullar\u0131 ve yasal uyar\u0131 kontrol etmeniz gerekir. Web Sitesinde De\u011fi\u015fiklik Yap\u0131lmas\u0131\/Web Sitesinin Faaliyeti<\/p>\n<p>Petholding her zaman i\u00e7in bu web sitesinin format\u0131nda ve i\u00e7eri\u011finde de\u011fi\u015fiklik yapabilir.<\/p>\n<p>Petholding i\u00e7eri\u011fin g\u00fcncellenmesi ya da ba\u015fka nedenlerle destek ya da bak\u0131m \u00e7al\u0131\u015fmalar\u0131 s\u0131ras\u0131nda bu web sitesinin faaliyetini ask\u0131ya alabilir, her zaman i\u00e7in herhangi bir bildirimde bulunmaks\u0131z\u0131n bu web sitesine eri\u015fime son verme hakk\u0131na sahiptir.<\/p>\n<p><strong>Verilerin Korunmas\u0131<\/strong><\/p>\n<p>Bu web sitesi arac\u0131l\u0131\u011f\u0131yla Petholding ve \u015firketlerine sa\u011flanan bilgiler yaln\u0131zca gizlilik politikas\u0131na uygun \u015fekilde kullan\u0131labilir.<\/p>\n<p>L\u00fctfen sitemizi kullanmaya ba\u015flamadan \u00f6nce gizlilik politikam\u0131z\u0131 dikkatle okuyun. Bize ki\u015fisel bilgilerinizi aktard\u0131\u011f\u0131n\u0131z zaman bu bilgilerin gizlilik politikam\u0131z \u00e7er\u00e7evesinde kullan\u0131lmas\u0131n\u0131 onaylam\u0131\u015f kabul edileceksiniz. Yetkili Mahkeme<\/p>\n<p>Bu ko\u015fullar T.C yasalar\u0131nca belirlenen h\u00fck\u00fcmlere tabidir ve bu yasalara uygun olarak yorumlanacakt\u0131r.<\/p>\n<p>Bir s\u00f6zle\u015fme \u00e7er\u00e7evesinde ya da haks\u0131z fiil nedeniyle a\u00e7\u0131lacak bir dava sonucunda ya da ba\u015fka \u015fekillerde bu ko\u015fullarlardan kaynaklanan ya da bu web sitesi ile ba\u011flant\u0131l\u0131 olarak ortaya \u00e7\u0131kabilecek uyu\u015fmazl\u0131klarda, m\u00fcnhas\u0131ran olmamak \u00fczere, Ankara Mahkemeleri yetkilidir.<\/p>\n","protected":false},"excerpt":{"rendered":"<p>PETHOLD\u0130NG WEB S\u0130TES\u0130 KULLANIM VE G\u0130ZL\u0130L\u0130K KO\u015eULLARI Web sayfas\u0131 kullan\u0131m ko\u015fullar\u0131 ve gizlilik politikas\u0131; bu siteyi veya bu site arac\u0131l\u0131\u011f\u0131yla,&#8230;<\/p>\n","protected":false},"author":1,"featured_media":0,"parent":0,"menu_order":0,"comment_status":"closed","ping_status":"closed","template":"","meta":{"footnotes":""},"class_list":["post-51638","page","type-page","status-publish","hentry"],"_links":{"self":[{"href":"https:\/\/www.alfa.web.tr\/petoil\/wp-json\/wp\/v2\/pages\/51638","targetHints":{"allow":["GET"]}}],"collection":[{"href":"https:\/\/www.alfa.web.tr\/petoil\/wp-json\/wp\/v2\/pages"}],"about":[{"href":"https:\/\/www.alfa.web.tr\/petoil\/wp-json\/wp\/v2\/types\/page"}],"author":[{"embeddable":true,"href":"https:\/\/www.alfa.web.tr\/petoil\/wp-json\/wp\/v2\/users\/1"}],"replies":[{"embeddable":true,"href":"https:\/\/www.alfa.web.tr\/petoil\/wp-json\/wp\/v2\/comments?post=51638"}],"version-history":[{"count":2,"href":"https:\/\/www.alfa.web.tr\/petoil\/wp-json\/wp\/v2\/pages\/51638\/revisions"}],"predecessor-version":[{"id":51661,"href":"https:\/\/www.alfa.web.tr\/petoil\/wp-json\/wp\/v2\/pages\/51638\/revisions\/51661"}],"wp:attachment":[{"href":"https:\/\/www.alfa.web.tr\/petoil\/wp-json\/wp\/v2\/media?parent=51638"}],"curies":[{"name":"wp","href":"https:\/\/api.w.org\/{rel}","templated":true}]}}